{"id":1205,"date":"2020-09-02T12:58:23","date_gmt":"2020-09-02T10:58:23","guid":{"rendered":"http:\/\/wittyevents.fr\/?page_id=1205"},"modified":"2020-09-02T13:15:01","modified_gmt":"2020-09-02T11:15:01","slug":"contact","status":"publish","type":"page","link":"http:\/\/wittyevents.fr\/index.php\/contact\/","title":{"rendered":"Contact"},"content":{"rendered":"<p>&lt;p&gt;<div class=\"flex_column av_one_full  flex_column_div av-zero-column-padding first  \" style='border-radius:0px; '><p>&lt;br \/&gt;<div style='padding-bottom:10px;font-size:36px;' class='av-special-heading av-special-heading-h3  blockquote modern-quote modern-centered  av-inherit-size '><h3 class='av-special-heading-tag '  itemprop=\"headline\"  >Contact<\/h3><div class='special-heading-border'><div class='special-heading-inner-border' ><\/div><\/div><\/div><div class='avia-image-container  av-styling-    avia-align-center '  itemscope=\"itemscope\" itemtype=\"https:\/\/schema.org\/ImageObject\"  ><div class='avia-image-container-inner'><img class='avia_image ' src='http:\/\/wittyevents.fr\/wp-content\/uploads\/2018\/01\/Logo_fond-blanc_r\u00e9duit_sans-texte.png' alt='' title=''   itemprop=\"thumbnailUrl\"  \/><\/div><\/div><div style='height:30px' class='hr hr-invisible  '><span class='hr-inner ' ><span class='hr-inner-style'><\/span><\/span><\/div>&lt;br \/&gt;<\/p><\/div><div class=\"flex_column av_two_third  av-animated-generic bottom-to-top  flex_column_div av-zero-column-padding first  \" style='border-radius:0px; '><p><div style='padding-bottom:0px;' class='av-special-heading av-special-heading-h3  blockquote modern-quote  '><h3 class='av-special-heading-tag '  itemprop=\"headline\"  >Pour nous contacter, rien de plus simple !<\/h3><div class='special-heading-border'><div class='special-heading-inner-border' ><\/div><\/div><\/div><div style=' margin-top:10px; margin-bottom:10px;'  class='hr hr-custom hr-left hr-icon-no  '><span class='hr-inner   inner-border-av-border-fat' style=' width:50px; border-color:#efbb20;' ><span class='hr-inner-style'><\/span><\/span><\/div><form action=\"http:\/\/wittyevents.fr\/index.php\/contact\/\" method=\"post\"  class=\"avia_ajax_form av-form-labels-visible    \" data-avia-form-id=\"1\" data-avia-redirect=''><fieldset><p class=' first_form  form_element form_element_half' id='element_avia_1_1'><label for=\"avia_1_1\">Nom ou raison sociale <abbr class=\"required\" title=\"requis\">*<\/abbr><\/label> <input name=\"avia_1_1\" class=\"text_input is_empty\" type=\"text\" id=\"avia_1_1\" value=\"\" \/><\/p><p class=' form_element form_element_half' id='element_avia_2_1'><label for=\"avia_2_1\">E-mail <abbr class=\"required\" title=\"requis\">*<\/abbr><\/label> <input name=\"avia_2_1\" class=\"text_input is_email\" type=\"text\" id=\"avia_2_1\" value=\"\" \/><\/p><p class=' first_form  form_element form_element_half' id='element_avia_3_1'><label for=\"avia_3_1\">T\u00e9l\u00e9phone <abbr class=\"required\" title=\"requis\">*<\/abbr><\/label> <input name=\"avia_3_1\" class=\"text_input is_empty\" type=\"text\" id=\"avia_3_1\" value=\"\" \/><\/p><p class=' form_element form_element_half' id='element_avia_4_1'><label for=\"avia_4_1\">Objet de la demande <abbr class=\"required\" title=\"requis\">*<\/abbr><\/label> <input name=\"avia_4_1\" class=\"text_input is_empty\" type=\"text\" id=\"avia_4_1\" value=\"\" \/><\/p><p class=' first_form  form_element form_fullwidth av-last-visible-form-element' id='element_avia_5_1'>\t <label for=\"avia_5_1\" class=\"textare_label hidden textare_label_avia_5_1\">Date et lieu de l\u2019\u00e9v\u00e9nement <abbr class=\"required\" title=\"requis\">*<\/abbr><\/label>\t <textarea  name=\"avia_5_1\" class=\"text_area is_empty\" cols=\"40\" rows=\"7\" id=\"avia_5_1\" ><\/textarea><\/p><p class=\"hidden\"><input type=\"text\" name=\"avia_6_1\" class=\"hidden \" id=\"avia_6_1\" value=\"\" \/><\/p><p class=\"form_element \"><input type=\"hidden\" value=\"1\" name=\"avia_generated_form1\" \/><input type=\"submit\" value=\"Envoyer\" class=\"button\"  data-sending-label=\"Envoi\"\/><\/p><\/fieldset><\/form><div id=\"ajaxresponse_1\" class=\"ajaxresponse ajaxresponse_1 hidden\"><\/div><\/p><\/div><div class=\"flex_column av_one_third  av-animated-generic bottom-to-top  flex_column_div av-zero-column-padding   \" style='border-radius:0px; '><p>&lt;br \/&gt;<div style='padding-bottom:0px;' class='av-special-heading av-special-heading-h3  blockquote modern-quote  '><h3 class='av-special-heading-tag '  itemprop=\"headline\"  >Nos coordonn\u00e9es<\/h3><div class='special-heading-border'><div class='special-heading-inner-border' ><\/div><\/div><\/div><div style=' margin-top:10px; margin-bottom:10px;'  class='hr hr-custom hr-left hr-icon-no  '><span class='hr-inner   inner-border-av-border-fat' style=' width:50px; border-color:#efbb20;' ><span class='hr-inner-style'><\/span><\/span><\/div><section class=\"av_textblock_section \"  itemscope=\"itemscope\" itemtype=\"https:\/\/schema.org\/CreativeWork\" ><div class='avia_textblock  '   itemprop=\"text\" ><p>&lt;br \/&gt;&lt;strong&gt;Adresses&lt;\/strong&gt;&lt;br \/&gt;2, avenue Caroline&lt;br \/&gt;92210 Saint-Cloud&lt;br \/&gt;9, avenue Alexandre Maistrasse&lt;br \/&gt;92500 Rueil-Malmaison&lt;strong&gt;T\u00e9l\u00e9phone&lt;\/strong&gt;&lt;br \/&gt;01 47 14 19 14&lt;br \/&gt;06 08 91 65 29&lt;strong&gt;E-mail&lt;\/strong&gt;&lt;br \/&gt;contact@wittyevents.fr&lt;br \/&gt;<\/p>\n<\/div><\/section>&lt;br \/&gt;<\/p><\/div><div class=\"flex_column av_one_full  flex_column_div av-zero-column-padding first  \" style='border-radius:0px; '><\/div>&lt;\/p&gt;<\/p>\n","protected":false},"excerpt":{"rendered":"<p>&lt;p&gt;&lt;\/p&gt;<\/p>\n","protected":false},"author":1,"featured_media":0,"parent":0,"menu_order":0,"comment_status":"closed","ping_status":"closed","template":"","meta":{"footnotes":""},"yoast_head":"<!-- This site is optimized with the Yoast SEO plugin v20.4 - https:\/\/yoast.com\/wordpress\/plugins\/seo\/ -->\n<title>Contact | Witty Events<\/title>\n<meta name=\"description\" content=\"Pour nous contacter, rien de plus simple ! Contactez-nous au 01 47 14 19 14 ou au 06 08 91 65 29, ou par mail : contact@wittyevents.fr. Pour une demande d&#039;\u00e9v\u00e9nement, remplissez notre questionnaire pr\u00e9vu \u00e0 cet effet.\" \/>\n<meta name=\"robots\" content=\"index, follow, max-snippet:-1, max-image-preview:large, max-video-preview:-1\" \/>\n<link rel=\"canonical\" href=\"https:\/\/wittyevents.fr\/index.php\/contact\/\" \/>\n<meta property=\"og:locale\" content=\"fr_FR\" \/>\n<meta property=\"og:type\" content=\"article\" \/>\n<meta property=\"og:title\" content=\"Contact | Witty Events\" \/>\n<meta property=\"og:description\" content=\"Pour nous contacter, rien de plus simple ! Contactez-nous au 01 47 14 19 14 ou au 06 08 91 65 29, ou par mail : contact@wittyevents.fr. Pour une demande d&#039;\u00e9v\u00e9nement, remplissez notre questionnaire pr\u00e9vu \u00e0 cet effet.\" \/>\n<meta property=\"og:url\" content=\"https:\/\/wittyevents.fr\/index.php\/contact\/\" \/>\n<meta property=\"og:site_name\" content=\"Witty Events\" \/>\n<meta property=\"article:modified_time\" content=\"2020-09-02T11:15:01+00:00\" \/>\n<meta name=\"twitter:card\" content=\"summary_large_image\" \/>\n<meta name=\"twitter:label1\" content=\"Dur\u00e9e de lecture estim\u00e9e\" \/>\n\t<meta name=\"twitter:data1\" content=\"4 minutes\" \/>\n<script type=\"application\/ld+json\" class=\"yoast-schema-graph\">{\"@context\":\"https:\/\/schema.org\",\"@graph\":[{\"@type\":\"WebPage\",\"@id\":\"https:\/\/wittyevents.fr\/index.php\/contact\/\",\"url\":\"https:\/\/wittyevents.fr\/index.php\/contact\/\",\"name\":\"Contact | Witty Events\",\"isPartOf\":{\"@id\":\"https:\/\/wittyevents.fr\/#website\"},\"datePublished\":\"2020-09-02T10:58:23+00:00\",\"dateModified\":\"2020-09-02T11:15:01+00:00\",\"description\":\"Pour nous contacter, rien de plus simple ! Contactez-nous au 01 47 14 19 14 ou au 06 08 91 65 29, ou par mail : contact@wittyevents.fr. Pour une demande d'\u00e9v\u00e9nement, remplissez notre questionnaire pr\u00e9vu \u00e0 cet effet.\",\"breadcrumb\":{\"@id\":\"https:\/\/wittyevents.fr\/index.php\/contact\/#breadcrumb\"},\"inLanguage\":\"fr-FR\",\"potentialAction\":[{\"@type\":\"ReadAction\",\"target\":[\"https:\/\/wittyevents.fr\/index.php\/contact\/\"]}]},{\"@type\":\"BreadcrumbList\",\"@id\":\"https:\/\/wittyevents.fr\/index.php\/contact\/#breadcrumb\",\"itemListElement\":[{\"@type\":\"ListItem\",\"position\":1,\"name\":\"Home\",\"item\":\"https:\/\/wittyevents.fr\/\"},{\"@type\":\"ListItem\",\"position\":2,\"name\":\"Contact\"}]},{\"@type\":\"WebSite\",\"@id\":\"https:\/\/wittyevents.fr\/#website\",\"url\":\"https:\/\/wittyevents.fr\/\",\"name\":\"Witty Events\",\"description\":\"\",\"publisher\":{\"@id\":\"https:\/\/wittyevents.fr\/#organization\"},\"potentialAction\":[{\"@type\":\"SearchAction\",\"target\":{\"@type\":\"EntryPoint\",\"urlTemplate\":\"https:\/\/wittyevents.fr\/?s={search_term_string}\"},\"query-input\":\"required name=search_term_string\"}],\"inLanguage\":\"fr-FR\"},{\"@type\":\"Organization\",\"@id\":\"https:\/\/wittyevents.fr\/#organization\",\"name\":\"Witty Events\",\"url\":\"https:\/\/wittyevents.fr\/\",\"logo\":{\"@type\":\"ImageObject\",\"inLanguage\":\"fr-FR\",\"@id\":\"https:\/\/wittyevents.fr\/#\/schema\/logo\/image\/\",\"url\":\"http:\/\/wittyevents.fr\/wp-content\/uploads\/2017\/11\/Witty_Events_logotype_Logo-base-1.png\",\"contentUrl\":\"http:\/\/wittyevents.fr\/wp-content\/uploads\/2017\/11\/Witty_Events_logotype_Logo-base-1.png\",\"width\":2362,\"height\":1356,\"caption\":\"Witty Events\"},\"image\":{\"@id\":\"https:\/\/wittyevents.fr\/#\/schema\/logo\/image\/\"},\"sameAs\":[\"https:\/\/www.linkedin.com\/company\/witty-events\/about\/\",\"https:\/\/www.youtube.com\/watch?v=rS1YzNOGCzI\"]}]}<\/script>\n<!-- \/ Yoast SEO plugin. -->","yoast_head_json":{"title":"Contact | Witty Events","description":"Pour nous contacter, rien de plus simple ! Contactez-nous au 01 47 14 19 14 ou au 06 08 91 65 29, ou par mail : contact@wittyevents.fr. Pour une demande d'\u00e9v\u00e9nement, remplissez notre questionnaire pr\u00e9vu \u00e0 cet effet.","robots":{"index":"index","follow":"follow","max-snippet":"max-snippet:-1","max-image-preview":"max-image-preview:large","max-video-preview":"max-video-preview:-1"},"canonical":"https:\/\/wittyevents.fr\/index.php\/contact\/","og_locale":"fr_FR","og_type":"article","og_title":"Contact | Witty Events","og_description":"Pour nous contacter, rien de plus simple ! Contactez-nous au 01 47 14 19 14 ou au 06 08 91 65 29, ou par mail : contact@wittyevents.fr. Pour une demande d'\u00e9v\u00e9nement, remplissez notre questionnaire pr\u00e9vu \u00e0 cet effet.","og_url":"https:\/\/wittyevents.fr\/index.php\/contact\/","og_site_name":"Witty Events","article_modified_time":"2020-09-02T11:15:01+00:00","twitter_card":"summary_large_image","twitter_misc":{"Dur\u00e9e de lecture estim\u00e9e":"4 minutes"},"schema":{"@context":"https:\/\/schema.org","@graph":[{"@type":"WebPage","@id":"https:\/\/wittyevents.fr\/index.php\/contact\/","url":"https:\/\/wittyevents.fr\/index.php\/contact\/","name":"Contact | Witty Events","isPartOf":{"@id":"https:\/\/wittyevents.fr\/#website"},"datePublished":"2020-09-02T10:58:23+00:00","dateModified":"2020-09-02T11:15:01+00:00","description":"Pour nous contacter, rien de plus simple ! Contactez-nous au 01 47 14 19 14 ou au 06 08 91 65 29, ou par mail : contact@wittyevents.fr. Pour une demande d'\u00e9v\u00e9nement, remplissez notre questionnaire pr\u00e9vu \u00e0 cet effet.","breadcrumb":{"@id":"https:\/\/wittyevents.fr\/index.php\/contact\/#breadcrumb"},"inLanguage":"fr-FR","potentialAction":[{"@type":"ReadAction","target":["https:\/\/wittyevents.fr\/index.php\/contact\/"]}]},{"@type":"BreadcrumbList","@id":"https:\/\/wittyevents.fr\/index.php\/contact\/#breadcrumb","itemListElement":[{"@type":"ListItem","position":1,"name":"Home","item":"https:\/\/wittyevents.fr\/"},{"@type":"ListItem","position":2,"name":"Contact"}]},{"@type":"WebSite","@id":"https:\/\/wittyevents.fr\/#website","url":"https:\/\/wittyevents.fr\/","name":"Witty Events","description":"","publisher":{"@id":"https:\/\/wittyevents.fr\/#organization"},"potentialAction":[{"@type":"SearchAction","target":{"@type":"EntryPoint","urlTemplate":"https:\/\/wittyevents.fr\/?s={search_term_string}"},"query-input":"required name=search_term_string"}],"inLanguage":"fr-FR"},{"@type":"Organization","@id":"https:\/\/wittyevents.fr\/#organization","name":"Witty Events","url":"https:\/\/wittyevents.fr\/","logo":{"@type":"ImageObject","inLanguage":"fr-FR","@id":"https:\/\/wittyevents.fr\/#\/schema\/logo\/image\/","url":"http:\/\/wittyevents.fr\/wp-content\/uploads\/2017\/11\/Witty_Events_logotype_Logo-base-1.png","contentUrl":"http:\/\/wittyevents.fr\/wp-content\/uploads\/2017\/11\/Witty_Events_logotype_Logo-base-1.png","width":2362,"height":1356,"caption":"Witty Events"},"image":{"@id":"https:\/\/wittyevents.fr\/#\/schema\/logo\/image\/"},"sameAs":["https:\/\/www.linkedin.com\/company\/witty-events\/about\/","https:\/\/www.youtube.com\/watch?v=rS1YzNOGCzI"]}]}},"_links":{"self":[{"href":"http:\/\/wittyevents.fr\/index.php\/wp-json\/wp\/v2\/pages\/1205"}],"collection":[{"href":"http:\/\/wittyevents.fr\/index.php\/wp-json\/wp\/v2\/pages"}],"about":[{"href":"http:\/\/wittyevents.fr\/index.php\/wp-json\/wp\/v2\/types\/page"}],"author":[{"embeddable":true,"href":"http:\/\/wittyevents.fr\/index.php\/wp-json\/wp\/v2\/users\/1"}],"replies":[{"embeddable":true,"href":"http:\/\/wittyevents.fr\/index.php\/wp-json\/wp\/v2\/comments?post=1205"}],"version-history":[{"count":3,"href":"http:\/\/wittyevents.fr\/index.php\/wp-json\/wp\/v2\/pages\/1205\/revisions"}],"predecessor-version":[{"id":1214,"href":"http:\/\/wittyevents.fr\/index.php\/wp-json\/wp\/v2\/pages\/1205\/revisions\/1214"}],"wp:attachment":[{"href":"http:\/\/wittyevents.fr\/index.php\/wp-json\/wp\/v2\/media?parent=1205"}],"curies":[{"name":"wp","href":"https:\/\/api.w.org\/{rel}","templated":true}]}}