{"id":343,"date":"2017-12-08T11:56:31","date_gmt":"2017-12-08T10:56:31","guid":{"rendered":"http:\/\/wittyevents.fr\/?page_id=343"},"modified":"2018-02-05T17:51:54","modified_gmt":"2018-02-05T16:51:54","slug":"temoignages","status":"publish","type":"page","link":"http:\/\/wittyevents.fr\/index.php\/temoignages\/","title":{"rendered":"T\u00e9moignages"},"content":{"rendered":"<div class=\"flex_column av_one_full  flex_column_div av-zero-column-padding first  \" style='border-radius:0px; '><div style='padding-bottom:10px;font-size:36px;' class='av-special-heading av-special-heading-h3  blockquote modern-quote modern-centered   av-inherit-size '><h3 class='av-special-heading-tag '  itemprop=\"headline\"  >T\u00e9moignages<\/h3><div class='special-heading-border'><div class='special-heading-inner-border' ><\/div><\/div><\/div><\/div>\n<div class=\"flex_column av_one_full  flex_column_div av-zero-column-padding first  \" style='border-radius:0px; '><div  data-autoplay='1'  data-interval='5'  data-animation='fade'  data-hoverpause='1'  class='avia-testimonial-wrapper avia-grid-testimonials avia-grid-3-testimonials avia_animate_when_almost_visible  av-minimal-grid-style '>\n<section class ='avia-testimonial-row'><div class='avia-testimonial av_one_third flex_column no_margin avia-testimonial-row-1 avia-first-testimonial'  itemscope=\"itemscope\" itemtype=\"https:\/\/schema.org\/Person\" ><div class='avia-testimonial_inner'><div class='avia-testimonial-content '    itemscope=\"itemscope\" itemtype=\"https:\/\/schema.org\/CreativeWork\" ><p style=\"text-align: justify;\">\u00ab\u00a0Je voulais simplement vous remercier pour la prestation de samedi dernier : super animations, super animateurs (gentils, dr\u00f4les, souriants&#8230;), la cliente nous a f\u00e9licit\u00e9s \u00e0 la fin de la journ\u00e9e, elle \u00e9tait ravie et les invit\u00e9s enchant\u00e9s, et ce, gr\u00e2ce \u00e0 vous\u00a0! Nous gardons pr\u00e9cieusement vos coordonn\u00e9es afin de pouvoir renouveler cette collaboration r\u00e9ussie\u00a0!\u00a0\u00bb<\/p>\n<\/div><div class='avia-testimonial-meta'><div class='avia-testimonial-arrow-wrap'><div class='avia-arrow'><\/div><\/div><div class='avia-testimonial-meta-mini'><strong  class='avia-testimonial-name'    itemprop=\"name\" >Agence \u00e9v\u00e9nementielle JAMAIS VU<\/strong><\/div><\/div><\/div><\/div>\n<div class='avia-testimonial av_one_third flex_column no_margin avia-testimonial-row-1 '  itemscope=\"itemscope\" itemtype=\"https:\/\/schema.org\/Person\" ><div class='avia-testimonial_inner'><div class='avia-testimonial-content '    itemscope=\"itemscope\" itemtype=\"https:\/\/schema.org\/CreativeWork\" ><p style=\"text-align: justify;\">\u00ab\u00a0Tr\u00e8s bien, les parents et enfants \u00e9taient tr\u00e8s contents, je n\u2019ai eu que des bons retours ce matin. Merci beaucoup, les ateliers ont \u00e9t\u00e9 tr\u00e8s appr\u00e9ci\u00e9s\u2026\u00a0\u00bb<\/p>\n<\/div><div class='avia-testimonial-meta'><div class='avia-testimonial-arrow-wrap'><div class='avia-arrow'><\/div><\/div><div class='avia-testimonial-meta-mini'><strong  class='avia-testimonial-name'    itemprop=\"name\" >Soci\u00e9t\u00e9 EATON<\/strong><span  class='avia-testimonial-subtitle '    itemprop=\"jobTitle\" >(Apr\u00e8s 4 ann\u00e9es cons\u00e9cutives d\u2019Arbre de No\u00ebl)<\/span><\/div><\/div><\/div><\/div>\n<div class='avia-testimonial av_one_third flex_column no_margin avia-testimonial-row-1 avia-last-testimonial'  itemscope=\"itemscope\" itemtype=\"https:\/\/schema.org\/Person\" ><div class='avia-testimonial_inner'><div class='avia-testimonial-content '    itemscope=\"itemscope\" itemtype=\"https:\/\/schema.org\/CreativeWork\" ><p style=\"text-align: justify;\">\u00ab\u00a0J&rsquo;esp\u00e8re sinc\u00e8rement pouvoir \u00e0 de prochains \u00e9v\u00e8nements b\u00e9n\u00e9ficier de votre professionnalisme et l&rsquo;envie de comprendre que vous insufflez aux enfants en toute simplicit\u00e9. Je tiens sinc\u00e8rement \u00e0 vous remercier concernant ces trois ann\u00e9es, et j&rsquo;ai h\u00e2te que vous m\u00eame et votre \u00e9quipe soyez de nouveau pr\u00e9sents sur divers \u00e9v\u00e8nements \u00e0 venir.\u00a0\u00bb<\/p>\n<\/div><div class='avia-testimonial-meta'><div class='avia-testimonial-arrow-wrap'><div class='avia-arrow'><\/div><\/div><div class='avia-testimonial-meta-mini'><strong  class='avia-testimonial-name'    itemprop=\"name\" >IKEA Plaisir<\/strong><span  class='avia-testimonial-subtitle '    itemprop=\"jobTitle\" >(Apr\u00e8s 3 ans de partenariat pour des ateliers mensuels et deux spectacles de No\u00ebl)<\/span><\/div><\/div><\/div><\/div><\/section>\n<section class ='avia-testimonial-row'><div class='avia-testimonial av_one_third flex_column no_margin avia-testimonial-row-2 avia-first-testimonial'  itemscope=\"itemscope\" itemtype=\"https:\/\/schema.org\/Person\" ><div class='avia-testimonial_inner'><div class='avia-testimonial-content '    itemscope=\"itemscope\" itemtype=\"https:\/\/schema.org\/CreativeWork\" ><p style=\"text-align: justify;\">\u00ab\u00a0Vos ateliers scientifiques se passent parfaitement bien \u00e0 Rabelais, le retour est tr\u00e8s positif, les enfants sont ravis et les parents aussi. Je trouve vos intervenants tr\u00e8s impliqu\u00e9s et tr\u00e8s agr\u00e9ables.\u00a0\u00bb<\/p>\n<\/div><div class='avia-testimonial-meta'><div class='avia-testimonial-arrow-wrap'><div class='avia-arrow'><\/div><\/div><div class='avia-testimonial-meta-mini'><strong  class='avia-testimonial-name'    itemprop=\"name\" >Mairie de Plaisir<\/strong><span  class='avia-testimonial-subtitle '    itemprop=\"jobTitle\" >Accueil de loisirs Rabelais<\/span><\/div><\/div><\/div><\/div>\n<div class='avia-testimonial av_one_third flex_column no_margin avia-testimonial-row-2 '  itemscope=\"itemscope\" itemtype=\"https:\/\/schema.org\/Person\" ><div class='avia-testimonial_inner'><div class='avia-testimonial-content '    itemscope=\"itemscope\" itemtype=\"https:\/\/schema.org\/CreativeWork\" ><p style=\"text-align: justify;\">\u00ab\u00a0Un grand merci \u00e0 vous et \u00e0 toute votre \u00e9quipe pour leur dynamisme, leur gentillesse et bien s\u00fbr leur professionnalisme.\u00a0\u00bb<\/p>\n<\/div><div class='avia-testimonial-meta'><div class='avia-testimonial-arrow-wrap'><div class='avia-arrow'><\/div><\/div><div class='avia-testimonial-meta-mini'><strong  class='avia-testimonial-name'    itemprop=\"name\" >Mairie de St Germain en Laye <\/strong><\/div><\/div><\/div><\/div>\n<div class='avia-testimonial av_one_third flex_column no_margin avia-testimonial-row-2 avia-last-testimonial'  itemscope=\"itemscope\" itemtype=\"https:\/\/schema.org\/Person\" ><div class='avia-testimonial_inner'><div class='avia-testimonial-content '    itemscope=\"itemscope\" itemtype=\"https:\/\/schema.org\/CreativeWork\" ><p style=\"text-align: justify;\">\u00ab\u00a0Les ateliers se sont tr\u00e8s bien d\u00e9roul\u00e9s. Les enfants \u00e9taient enchant\u00e9s. Chacun des animateurs encadrant \u00e9tait parfait dans son r\u00f4le et sa m\u00e9thode \u00e9tait appropri\u00e9e au public. Je vous en remercie.\u00a0\u00bb<\/p>\n<\/div><div class='avia-testimonial-meta'><div class='avia-testimonial-arrow-wrap'><div class='avia-arrow'><\/div><\/div><div class='avia-testimonial-meta-mini'><strong  class='avia-testimonial-name'    itemprop=\"name\" >Mairie des Mureaux<\/strong><span  class='avia-testimonial-subtitle '    itemprop=\"jobTitle\" >Accueil de loisirs maternel Les lutins malins<\/span><\/div><\/div><\/div><\/div><\/section>\n<section class ='avia-testimonial-row'><div class='avia-testimonial av_one_third flex_column no_margin avia-testimonial-row-3 avia-first-testimonial'  itemscope=\"itemscope\" itemtype=\"https:\/\/schema.org\/Person\" ><div class='avia-testimonial_inner'><div class='avia-testimonial-content '    itemscope=\"itemscope\" itemtype=\"https:\/\/schema.org\/CreativeWork\" ><p style=\"text-align: justify;\">\u00ab\u00a0L&rsquo;anniversaire s&rsquo;est tr\u00e8s bien pass\u00e9. Les enfants \u00e9taient ravis de cette animation. L\u2019animatrice \u00e9tait tr\u00e8s p\u00e9dagogue et patiente avec les enfants. Je pense que j&rsquo;ai trouv\u00e9 l&rsquo;animation id\u00e9ale pour les anniversaires de mes gar\u00e7ons.\u00a0\u00bb<\/p>\n<\/div><div class='avia-testimonial-meta'><div class='avia-testimonial-arrow-wrap'><div class='avia-arrow'><\/div><\/div><div class='avia-testimonial-meta-mini'><strong  class='avia-testimonial-name'    itemprop=\"name\" >Retour d\u2019un parent apr\u00e8s un anniversaire \u00e0 Rueil-Malmaison <\/strong><\/div><\/div><\/div><\/div>\n<div class='avia-testimonial av_one_third flex_column no_margin avia-testimonial-row-3 '  itemscope=\"itemscope\" itemtype=\"https:\/\/schema.org\/Person\" ><div class='avia-testimonial_inner'><div class='avia-testimonial-content '    itemscope=\"itemscope\" itemtype=\"https:\/\/schema.org\/CreativeWork\" ><p style=\"text-align: justify;\">\u00ab\u00a0L&rsquo;anniversaire de Romane \u00e9tait tr\u00e8s r\u00e9ussi et tr\u00e8s original. L\u2019animatrice \u00e9tait adorable et a parfaitement rempli sa mission. Je pense que les enfants se sont bien amus\u00e9s et ont appris plein de choses. Romane \u00e9tait tr\u00e8s heureuse et ravie. Merci encore.\u00a0\u00bb<\/p>\n<\/div><div class='avia-testimonial-meta'><div class='avia-testimonial-arrow-wrap'><div class='avia-arrow'><\/div><\/div><div class='avia-testimonial-meta-mini'><strong  class='avia-testimonial-name'    itemprop=\"name\" >Retour d\u2019un parent apr\u00e8s un anniversaire \u00e0 Rueil-Malmaison <\/strong><\/div><\/div><\/div><\/div>\n<div class='avia-testimonial av_one_third flex_column no_margin avia-testimonial-row-3 avia-last-testimonial'  itemscope=\"itemscope\" itemtype=\"https:\/\/schema.org\/Person\" ><div class='avia-testimonial_inner'><div class='avia-testimonial-content '    itemscope=\"itemscope\" itemtype=\"https:\/\/schema.org\/CreativeWork\" ><p style=\"text-align: justify;\">\u00ab\u00a0Juste un petit mot pour vous remercier du spectacle. Les enfants \u00e9taient enchant\u00e9s et moi aussi. C&rsquo;est \u00e0 la fois dr\u00f4le, ludique et \u00e9tonnant.\u00a0\u00bb<\/p>\n<\/div><div class='avia-testimonial-meta'><div class='avia-testimonial-arrow-wrap'><div class='avia-arrow'><\/div><\/div><div class='avia-testimonial-meta-mini'><strong  class='avia-testimonial-name'    itemprop=\"name\" >Une maman \u00e0 Rueil apr\u00e8s un spectacle <\/strong><\/div><\/div><\/div><\/div><\/section>\n<\/div><\/div>\n","protected":false},"excerpt":{"rendered":"","protected":false},"author":1,"featured_media":0,"parent":0,"menu_order":0,"comment_status":"closed","ping_status":"closed","template":"","meta":{"footnotes":""},"yoast_head":"<!-- This site is optimized with the Yoast SEO plugin v20.4 - https:\/\/yoast.com\/wordpress\/plugins\/seo\/ -->\n<title>T\u00e9moignages | Witty Events<\/title>\n<meta name=\"description\" content=\"D\u00e9couvrez qui nous fait confiance ! Entreprises, mairies, particuliers...\" \/>\n<meta name=\"robots\" content=\"index, follow, max-snippet:-1, max-image-preview:large, max-video-preview:-1\" \/>\n<link rel=\"canonical\" href=\"https:\/\/wittyevents.fr\/index.php\/temoignages\/\" \/>\n<meta property=\"og:locale\" content=\"fr_FR\" \/>\n<meta property=\"og:type\" content=\"article\" \/>\n<meta property=\"og:title\" content=\"T\u00e9moignages | Witty Events\" \/>\n<meta property=\"og:description\" content=\"D\u00e9couvrez qui nous fait confiance ! Entreprises, mairies, particuliers...\" \/>\n<meta property=\"og:url\" content=\"https:\/\/wittyevents.fr\/index.php\/temoignages\/\" \/>\n<meta property=\"og:site_name\" content=\"Witty Events\" \/>\n<meta property=\"article:modified_time\" content=\"2018-02-05T16:51:54+00:00\" \/>\n<meta name=\"twitter:card\" content=\"summary_large_image\" \/>\n<meta name=\"twitter:label1\" content=\"Dur\u00e9e de lecture estim\u00e9e\" \/>\n\t<meta name=\"twitter:data1\" content=\"4 minutes\" \/>\n<script type=\"application\/ld+json\" class=\"yoast-schema-graph\">{\"@context\":\"https:\/\/schema.org\",\"@graph\":[{\"@type\":\"WebPage\",\"@id\":\"https:\/\/wittyevents.fr\/index.php\/temoignages\/\",\"url\":\"https:\/\/wittyevents.fr\/index.php\/temoignages\/\",\"name\":\"T\u00e9moignages | Witty Events\",\"isPartOf\":{\"@id\":\"http:\/\/wittyevents.fr\/#website\"},\"datePublished\":\"2017-12-08T10:56:31+00:00\",\"dateModified\":\"2018-02-05T16:51:54+00:00\",\"description\":\"D\u00e9couvrez qui nous fait confiance ! Entreprises, mairies, particuliers...\",\"breadcrumb\":{\"@id\":\"https:\/\/wittyevents.fr\/index.php\/temoignages\/#breadcrumb\"},\"inLanguage\":\"fr-FR\",\"potentialAction\":[{\"@type\":\"ReadAction\",\"target\":[\"https:\/\/wittyevents.fr\/index.php\/temoignages\/\"]}]},{\"@type\":\"BreadcrumbList\",\"@id\":\"https:\/\/wittyevents.fr\/index.php\/temoignages\/#breadcrumb\",\"itemListElement\":[{\"@type\":\"ListItem\",\"position\":1,\"name\":\"Home\",\"item\":\"http:\/\/wittyevents.fr\/\"},{\"@type\":\"ListItem\",\"position\":2,\"name\":\"T\u00e9moignages\"}]},{\"@type\":\"WebSite\",\"@id\":\"http:\/\/wittyevents.fr\/#website\",\"url\":\"http:\/\/wittyevents.fr\/\",\"name\":\"Witty Events\",\"description\":\"\",\"publisher\":{\"@id\":\"http:\/\/wittyevents.fr\/#organization\"},\"potentialAction\":[{\"@type\":\"SearchAction\",\"target\":{\"@type\":\"EntryPoint\",\"urlTemplate\":\"http:\/\/wittyevents.fr\/?s={search_term_string}\"},\"query-input\":\"required name=search_term_string\"}],\"inLanguage\":\"fr-FR\"},{\"@type\":\"Organization\",\"@id\":\"http:\/\/wittyevents.fr\/#organization\",\"name\":\"Witty Events\",\"url\":\"http:\/\/wittyevents.fr\/\",\"logo\":{\"@type\":\"ImageObject\",\"inLanguage\":\"fr-FR\",\"@id\":\"http:\/\/wittyevents.fr\/#\/schema\/logo\/image\/\",\"url\":\"http:\/\/wittyevents.fr\/wp-content\/uploads\/2017\/11\/Witty_Events_logotype_Logo-base-1.png\",\"contentUrl\":\"http:\/\/wittyevents.fr\/wp-content\/uploads\/2017\/11\/Witty_Events_logotype_Logo-base-1.png\",\"width\":2362,\"height\":1356,\"caption\":\"Witty Events\"},\"image\":{\"@id\":\"http:\/\/wittyevents.fr\/#\/schema\/logo\/image\/\"},\"sameAs\":[\"https:\/\/www.linkedin.com\/company\/witty-events\/about\/\",\"https:\/\/www.youtube.com\/watch?v=rS1YzNOGCzI\"]}]}<\/script>\n<!-- \/ Yoast SEO plugin. -->","yoast_head_json":{"title":"T\u00e9moignages | Witty Events","description":"D\u00e9couvrez qui nous fait confiance ! Entreprises, mairies, particuliers...","robots":{"index":"index","follow":"follow","max-snippet":"max-snippet:-1","max-image-preview":"max-image-preview:large","max-video-preview":"max-video-preview:-1"},"canonical":"https:\/\/wittyevents.fr\/index.php\/temoignages\/","og_locale":"fr_FR","og_type":"article","og_title":"T\u00e9moignages | Witty Events","og_description":"D\u00e9couvrez qui nous fait confiance ! Entreprises, mairies, particuliers...","og_url":"https:\/\/wittyevents.fr\/index.php\/temoignages\/","og_site_name":"Witty Events","article_modified_time":"2018-02-05T16:51:54+00:00","twitter_card":"summary_large_image","twitter_misc":{"Dur\u00e9e de lecture estim\u00e9e":"4 minutes"},"schema":{"@context":"https:\/\/schema.org","@graph":[{"@type":"WebPage","@id":"https:\/\/wittyevents.fr\/index.php\/temoignages\/","url":"https:\/\/wittyevents.fr\/index.php\/temoignages\/","name":"T\u00e9moignages | Witty Events","isPartOf":{"@id":"http:\/\/wittyevents.fr\/#website"},"datePublished":"2017-12-08T10:56:31+00:00","dateModified":"2018-02-05T16:51:54+00:00","description":"D\u00e9couvrez qui nous fait confiance ! Entreprises, mairies, particuliers...","breadcrumb":{"@id":"https:\/\/wittyevents.fr\/index.php\/temoignages\/#breadcrumb"},"inLanguage":"fr-FR","potentialAction":[{"@type":"ReadAction","target":["https:\/\/wittyevents.fr\/index.php\/temoignages\/"]}]},{"@type":"BreadcrumbList","@id":"https:\/\/wittyevents.fr\/index.php\/temoignages\/#breadcrumb","itemListElement":[{"@type":"ListItem","position":1,"name":"Home","item":"http:\/\/wittyevents.fr\/"},{"@type":"ListItem","position":2,"name":"T\u00e9moignages"}]},{"@type":"WebSite","@id":"http:\/\/wittyevents.fr\/#website","url":"http:\/\/wittyevents.fr\/","name":"Witty Events","description":"","publisher":{"@id":"http:\/\/wittyevents.fr\/#organization"},"potentialAction":[{"@type":"SearchAction","target":{"@type":"EntryPoint","urlTemplate":"http:\/\/wittyevents.fr\/?s={search_term_string}"},"query-input":"required name=search_term_string"}],"inLanguage":"fr-FR"},{"@type":"Organization","@id":"http:\/\/wittyevents.fr\/#organization","name":"Witty Events","url":"http:\/\/wittyevents.fr\/","logo":{"@type":"ImageObject","inLanguage":"fr-FR","@id":"http:\/\/wittyevents.fr\/#\/schema\/logo\/image\/","url":"http:\/\/wittyevents.fr\/wp-content\/uploads\/2017\/11\/Witty_Events_logotype_Logo-base-1.png","contentUrl":"http:\/\/wittyevents.fr\/wp-content\/uploads\/2017\/11\/Witty_Events_logotype_Logo-base-1.png","width":2362,"height":1356,"caption":"Witty Events"},"image":{"@id":"http:\/\/wittyevents.fr\/#\/schema\/logo\/image\/"},"sameAs":["https:\/\/www.linkedin.com\/company\/witty-events\/about\/","https:\/\/www.youtube.com\/watch?v=rS1YzNOGCzI"]}]}},"_links":{"self":[{"href":"http:\/\/wittyevents.fr\/index.php\/wp-json\/wp\/v2\/pages\/343"}],"collection":[{"href":"http:\/\/wittyevents.fr\/index.php\/wp-json\/wp\/v2\/pages"}],"about":[{"href":"http:\/\/wittyevents.fr\/index.php\/wp-json\/wp\/v2\/types\/page"}],"author":[{"embeddable":true,"href":"http:\/\/wittyevents.fr\/index.php\/wp-json\/wp\/v2\/users\/1"}],"replies":[{"embeddable":true,"href":"http:\/\/wittyevents.fr\/index.php\/wp-json\/wp\/v2\/comments?post=343"}],"version-history":[{"count":18,"href":"http:\/\/wittyevents.fr\/index.php\/wp-json\/wp\/v2\/pages\/343\/revisions"}],"predecessor-version":[{"id":1138,"href":"http:\/\/wittyevents.fr\/index.php\/wp-json\/wp\/v2\/pages\/343\/revisions\/1138"}],"wp:attachment":[{"href":"http:\/\/wittyevents.fr\/index.php\/wp-json\/wp\/v2\/media?parent=343"}],"curies":[{"name":"wp","href":"https:\/\/api.w.org\/{rel}","templated":true}]}}