{"id":678,"date":"2018-01-03T13:02:57","date_gmt":"2018-01-03T12:02:57","guid":{"rendered":"http:\/\/wittyevents.fr\/?page_id=678"},"modified":"2019-05-07T10:12:07","modified_gmt":"2019-05-07T08:12:07","slug":"accueil-2","status":"publish","type":"page","link":"http:\/\/wittyevents.fr\/","title":{"rendered":"Accueil"},"content":{"rendered":"<\/div><\/div><\/div><!-- close content main div --><\/div><\/div><div id='full_slider_1' class='avia-fullwidth-slider main_color avia-shadow   container_wrap sidebar_right'   ><div  data-size='no scaling'  data-lightbox_size='large'  data-animation='slide'  data-ids='1116'  data-video_counter='0'  data-autoplay='false'  data-bg_slider='false'  data-slide_height=''  data-handle='av_slideshow_full'  data-interval='5'  data-class=' '  data-css_id=''  data-scroll_down=''  data-control_layout='av-control-default'  data-custom_markup=''  data-perma_caption=''  data-autoplay_stopper=''  data-image_attachment=''  data-min_height='0px'  data-src=''  data-position='top left'  data-repeat='no-repeat'  data-attach='scroll'  data-stretch=''  class='avia-slideshow avia-slideshow-1  av-control-default av-default-height-applied avia-slideshow-no scaling av_slideshow_full   avia-slide-slider '  itemscope=\"itemscope\" itemtype=\"https:\/\/schema.org\/ImageObject\" ><ul class='avia-slideshow-inner' style='padding-bottom: 57.3%;'><li  class=' av-single-slide slide-1 ' ><div data-rel='slideshow-1' class='avia-slide-wrap'  ><div class = \"caption_fullwidth av-slideshow-caption caption_center\"><div class = \"container caption_container\"><div class = \"slideshow_caption\"><div class = \"slideshow_inner_caption\"><div class = \"slideshow_align_caption\"><div class='avia-caption-content  av-small-font-size-overwrite av-small-font-size-24 av_inherit_color'  itemprop=\"description\"   style='font-size:40px; '><p>Notre motivation : imaginer des \u00e9v\u00e9nements ing\u00e9nieux pour apprendre en s\u2019amusant, \u00e0 tous les \u00e2ges !<\/p>\n<\/div><\/div><\/div><\/div><\/div><\/div><img src='http:\/\/wittyevents.fr\/wp-content\/uploads\/2018\/01\/iStock-Home_r\u00e9duite_rogn\u00e9e_noircie.jpg' width='2000' height='1146' title='iStock-Home_r\u00e9duite_rogn\u00e9e_noircie' alt=''  itemprop=\"thumbnailUrl\"   \/><\/div><\/li><\/ul><\/div><\/div>\n<div style='height:100px' class='hr hr-invisible  av-small-hide av-mini-hide '><span class='hr-inner ' ><span class='hr-inner-style'><\/span><\/span><\/div>\n<div class=\"flex_column av_one_half  flex_column_div av-zero-column-padding first  \" style='border-radius:0px; '><div class='avia-image-container  av-styling-    avia-align-center '  itemscope=\"itemscope\" itemtype=\"https:\/\/schema.org\/ImageObject\"  ><div class='avia-image-container-inner'><img class='avia_image ' src='http:\/\/wittyevents.fr\/wp-content\/uploads\/2018\/01\/spectacle-CE-1_rogn\u00e9e.jpg' alt='' title=''   itemprop=\"thumbnailUrl\"  \/><\/div><\/div><\/div>\n<div class=\"flex_column av_one_half  flex_column_div av-zero-column-padding   \" style='border-radius:0px; '><p><div style='height:50px' class='hr hr-invisible  '><span class='hr-inner ' ><span class='hr-inner-style'><\/span><\/span><\/div><br \/>\n<div style='padding-bottom:10px;color:#4bb3e6;font-size:25px;' class='av-special-heading av-special-heading-h1 custom-color-heading blockquote modern-quote modern-centered  av-inherit-size '><h1 class='av-special-heading-tag '  itemprop=\"headline\"  >Qui sommes-nous ?<\/h1><div class='special-heading-border'><div class='special-heading-inner-border' style='border-color:#4bb3e6'><\/div><\/div><\/div><br \/>\n<div style=' margin-top:30px; margin-bottom:30px;'  class='hr hr-custom hr-center hr-icon-no  '><span class='hr-inner   inner-border-av-border-fat' style=' width:150px; border-color:#4bb3e6;' ><span class='hr-inner-style'><\/span><\/span><\/div><br \/>\n<section class=\"av_textblock_section \"  itemscope=\"itemscope\" itemtype=\"https:\/\/schema.org\/CreativeWork\" ><div class='avia_textblock  '   itemprop=\"text\" ><p style=\"text-align: justify;\">Witty Events est n\u00e9 de notre volont\u00e9 d\u2019\u00e9veiller le go\u00fbt pour les sciences chez les enfants avec des animations ludiques et participatives. Notre activit\u00e9 s\u2019est d\u00e9velopp\u00e9e dans le domaine de l\u2019\u00e9ducation et dans l\u2019\u00e9v\u00e9nementiel pour les familles\u2026 Elle \u00e9volue pour faire d\u00e9couvrir aux entreprises l\u2019esprit f\u00e9d\u00e9rateur de la curiosit\u00e9 scientifique&nbsp;!<\/p>\n<\/div><\/section><br \/>\n<div style='height:50px' class='hr hr-invisible  av-small-hide av-mini-hide '><span class='hr-inner ' ><span class='hr-inner-style'><\/span><\/span><\/div><br \/>\n<div class='avia-button-wrap avia-button-center '><a href='http:\/\/wittyevents.fr\/index.php\/qui-sommes-nous\/' class='avia-button   avia-icon_select-no avia-color-custom avia-size-x-large avia-position-center '  style='background-color:#4bb3e6; border-color:#4bb3e6; color:#ffffff; ' ><span class='avia_iconbox_title' >En savoir plus<\/span><\/a><\/div><\/p><\/div>\n<div class=\"flex_column av_one_full  flex_column_div av-zero-column-padding first  \" style='border-radius:0px; '><\/div>\n<div class=\"flex_column av_one_half  flex_column_div av-zero-column-padding first  \" style='border-radius:0px; '><p><div style='height:50px' class='hr hr-invisible  av-small-hide av-mini-hide '><span class='hr-inner ' ><span class='hr-inner-style'><\/span><\/span><\/div><br \/>\n<div style='padding-bottom:10px;color:#f2c44b;font-size:25px;' class='av-special-heading av-special-heading-h1 custom-color-heading blockquote modern-quote modern-centered  av-inherit-size '><h1 class='av-special-heading-tag '  itemprop=\"headline\"  >Ecoles et Collectivit\u00e9s<\/h1><div class='special-heading-border'><div class='special-heading-inner-border' style='border-color:#f2c44b'><\/div><\/div><\/div><br \/>\n<div style=' margin-top:30px; margin-bottom:30px;'  class='hr hr-custom hr-center hr-icon-no  '><span class='hr-inner   inner-border-av-border-fat' style=' width:150px; border-color:#f2c44b;' ><span class='hr-inner-style'><\/span><\/span><\/div><br \/>\n<section class=\"av_textblock_section \"  itemscope=\"itemscope\" itemtype=\"https:\/\/schema.org\/CreativeWork\" ><div class='avia_textblock  '   itemprop=\"text\" ><p style=\"text-align: justify;\">De l\u2019exp\u00e9rience ludique vient la connaissance pratique. Les enfants apprennent en s\u2019amusant, et s\u2019amusent en apprenant&nbsp;! Th\u00e9\u00e2tre, sciences, d\u00e9veloppement durable\u2026 ils trouveront leur bonheur&nbsp;!<\/p>\n<\/div><\/section><br \/>\n<div style='height:50px' class='hr hr-invisible  av-small-hide av-mini-hide '><span class='hr-inner ' ><span class='hr-inner-style'><\/span><\/span><\/div><br \/>\n<div class='avia-button-wrap avia-button-center '><a href='http:\/\/wittyevents.fr\/index.php\/ecoles-et-collectivites\/' class='avia-button   avia-icon_select-no avia-color-custom avia-size-x-large avia-position-center '  style='background-color:#f2c44b; border-color:#f2c44b; color:#ffffff; ' ><span class='avia_iconbox_title' >En savoir plus<\/span><\/a><\/div><\/p><\/div>\n<div class=\"flex_column av_one_half  flex_column_div av-zero-column-padding   \" style='border-radius:0px; '><div class='avia-image-container  av-styling-    avia-align-center '  itemscope=\"itemscope\" itemtype=\"https:\/\/schema.org\/ImageObject\"  ><div class='avia-image-container-inner'><img class='avia_image ' src='http:\/\/wittyevents.fr\/wp-content\/uploads\/2017\/12\/children-foam-experiment.jpg' alt='' title=''   itemprop=\"thumbnailUrl\"  \/><\/div><\/div><\/div>\n<div class=\"flex_column av_one_full  flex_column_div av-zero-column-padding first  \" style='border-radius:0px; '><\/div>\n<div class=\"flex_column av_one_half  flex_column_div av-zero-column-padding first  \" style='border-radius:0px; '><div class='avia-image-container  av-styling-    avia-align-center '  itemscope=\"itemscope\" itemtype=\"https:\/\/schema.org\/ImageObject\"  ><div class='avia-image-container-inner'><img class='avia_image ' src='http:\/\/wittyevents.fr\/wp-content\/uploads\/2018\/01\/glace-carbonique-4.jpg' alt='' title=''   itemprop=\"thumbnailUrl\"  \/><\/div><\/div><\/div>\n<div class=\"flex_column av_one_half  flex_column_div av-zero-column-padding   \" style='border-radius:0px; '><p><div style='height:20px' class='hr hr-invisible  av-small-hide av-mini-hide '><span class='hr-inner ' ><span class='hr-inner-style'><\/span><\/span><\/div><br \/>\n<div style='padding-bottom:10px;color:#6ebbb6;font-size:25px;' class='av-special-heading av-special-heading-h1 custom-color-heading blockquote modern-quote modern-centered  av-inherit-size '><h1 class='av-special-heading-tag '  itemprop=\"headline\"  >Entreprises et CE<\/h1><div class='special-heading-border'><div class='special-heading-inner-border' style='border-color:#6ebbb6'><\/div><\/div><\/div><br \/>\n<div style=' margin-top:30px; margin-bottom:30px;'  class='hr hr-custom hr-center hr-icon-no  '><span class='hr-inner   inner-border-av-border-fat' style=' width:150px; border-color:#6ebbb6;' ><span class='hr-inner-style'><\/span><\/span><\/div><br \/>\n<section class=\"av_textblock_section \"  itemscope=\"itemscope\" itemtype=\"https:\/\/schema.org\/CreativeWork\" ><div class='avia_textblock  av_inherit_color '  style='color:#020202; '  itemprop=\"text\" ><p style=\"text-align: justify;\">La d\u00e9couverte scientifique fascine tous les publics&nbsp;: enfants, ados et adultes&nbsp;!<\/p>\n<p style=\"text-align: justify;\">Nos animateurs et com\u00e9diens s\u2019adaptent \u00e0 toutes les tranches d\u2019\u00e2ge et captivent les participants avec des exp\u00e9riences amusantes et spectaculaires. Nos animations originales raviront les enfants et leurs parents&nbsp;!<\/p>\n<p style=\"text-align: justify;\">Un Arbre de No\u00ebl ou un Family Day scientifique, c\u2019est un succ\u00e8s assur\u00e9&nbsp;!<\/p>\n<\/div><\/section><br \/>\n<div style='height:50px' class='hr hr-invisible  av-small-hide av-mini-hide '><span class='hr-inner ' ><span class='hr-inner-style'><\/span><\/span><\/div><br \/>\n<div class='avia-button-wrap avia-button-center '><a href='http:\/\/wittyevents.fr\/index.php\/entreprises-et-ce\/' class='avia-button   avia-icon_select-no avia-color-custom avia-size-x-large avia-position-center '  style='background-color:#6ebbb6; border-color:#6ebbb6; color:#ffffff; ' ><span class='avia_iconbox_title' >En savoir plus<\/span><\/a><\/div><\/p><\/div>\n<div class=\"flex_column av_one_full  flex_column_div av-zero-column-padding first  \" style='border-radius:0px; '><\/div>\n<div class=\"flex_column av_one_half  flex_column_div av-zero-column-padding first  \" style='border-radius:0px; '><p><div style='height:50px' class='hr hr-invisible  av-small-hide av-mini-hide '><span class='hr-inner ' ><span class='hr-inner-style'><\/span><\/span><\/div><br \/>\n<div style='padding-bottom:10px;color:#f45c4d;font-size:25px;' class='av-special-heading av-special-heading-h1 custom-color-heading blockquote modern-quote modern-centered  av-inherit-size '><h1 class='av-special-heading-tag '  itemprop=\"headline\"  >Particuliers<\/h1><div class='special-heading-border'><div class='special-heading-inner-border' style='border-color:#f45c4d'><\/div><\/div><\/div><br \/>\n<div style=' margin-top:30px; margin-bottom:30px;'  class='hr hr-custom hr-center hr-icon-no  '><span class='hr-inner   inner-border-av-border-fat' style=' width:150px; border-color:#f45c4d;' ><span class='hr-inner-style'><\/span><\/span><\/div><br \/>\n<section class=\"av_textblock_section \"  itemscope=\"itemscope\" itemtype=\"https:\/\/schema.org\/CreativeWork\" ><div class='avia_textblock  '   itemprop=\"text\" ><p style=\"text-align: justify;\">Profitez de nos services \u00e0 domicile&nbsp;!<br \/>\nNous nous d\u00e9pla\u00e7ons chez vous pour les anniversaires ou autre \u00e9v\u00e9nement familial.<\/p>\n<\/div><\/section><br \/>\n<div style='height:50px' class='hr hr-invisible  av-small-hide av-mini-hide '><span class='hr-inner ' ><span class='hr-inner-style'><\/span><\/span><\/div><br \/>\n<div class='avia-button-wrap avia-button-center '><a href='' class='avia-button   avia-icon_select-no avia-color-custom avia-size-x-large avia-position-center '  style='background-color:#f45c4d; border-color:#f45c4d; color:#ffffff; ' ><span class='avia_iconbox_title' >En savoir plus<\/span><\/a><\/div><\/p><\/div>\n<div class=\"flex_column av_one_half  flex_column_div av-zero-column-padding   \" style='border-radius:0px; '><div class='avia-image-container  av-styling-    avia-align-center '  itemscope=\"itemscope\" itemtype=\"https:\/\/schema.org\/ImageObject\"  ><div class='avia-image-container-inner'><img class='avia_image ' src='http:\/\/wittyevents.fr\/wp-content\/uploads\/2017\/12\/csm_OpenLab_a_POV_2844_2221d14463.jpg' alt='' title=''   itemprop=\"thumbnailUrl\"  \/><\/div><\/div><\/div>\n<div class=\"flex_column av_one_full  flex_column_div av-zero-column-padding first  \" style='border-radius:0px; '><\/div>\n","protected":false},"excerpt":{"rendered":"","protected":false},"author":1,"featured_media":0,"parent":0,"menu_order":0,"comment_status":"closed","ping_status":"closed","template":"","meta":{"footnotes":""},"yoast_head":"<!-- This site is optimized with the Yoast SEO plugin v20.4 - https:\/\/yoast.com\/wordpress\/plugins\/seo\/ -->\n<title>Witty Events, Science pour l&#039;Enfance<\/title>\n<meta name=\"description\" content=\"Notre motivation : imaginer des \u00e9v\u00e9nements ing\u00e9nieux pour apprendre en s\u2019amusant, \u00e0 tous les \u00e2ges ! Witty Events est n\u00e9 de notre volont\u00e9 d\u2019\u00e9veiller le go\u00fbt pour les sciences chez les enfants avec des animations ludiques et participatives.\" \/>\n<meta name=\"robots\" content=\"index, follow, max-snippet:-1, max-image-preview:large, max-video-preview:-1\" \/>\n<link rel=\"canonical\" href=\"http:\/\/wittyevents.fr\/\" \/>\n<meta property=\"og:locale\" content=\"fr_FR\" \/>\n<meta property=\"og:type\" content=\"article\" \/>\n<meta property=\"og:title\" content=\"Witty Events, Science pour l&#039;Enfance\" \/>\n<meta property=\"og:description\" content=\"Notre motivation : imaginer des \u00e9v\u00e9nements ing\u00e9nieux pour apprendre en s\u2019amusant, \u00e0 tous les \u00e2ges ! Witty Events est n\u00e9 de notre volont\u00e9 d\u2019\u00e9veiller le go\u00fbt pour les sciences chez les enfants avec des animations ludiques et participatives.\" \/>\n<meta property=\"og:url\" content=\"http:\/\/wittyevents.fr\/\" \/>\n<meta property=\"og:site_name\" content=\"Witty Events\" \/>\n<meta property=\"article:modified_time\" content=\"2019-05-07T08:12:07+00:00\" \/>\n<meta name=\"twitter:card\" content=\"summary_large_image\" \/>\n<meta name=\"twitter:label1\" content=\"Dur\u00e9e de lecture estim\u00e9e\" \/>\n\t<meta name=\"twitter:data1\" content=\"12 minutes\" \/>\n<script type=\"application\/ld+json\" class=\"yoast-schema-graph\">{\"@context\":\"https:\/\/schema.org\",\"@graph\":[{\"@type\":\"WebPage\",\"@id\":\"http:\/\/wittyevents.fr\/\",\"url\":\"http:\/\/wittyevents.fr\/\",\"name\":\"Witty Events, Science pour l'Enfance\",\"isPartOf\":{\"@id\":\"http:\/\/wittyevents.fr\/#website\"},\"datePublished\":\"2018-01-03T12:02:57+00:00\",\"dateModified\":\"2019-05-07T08:12:07+00:00\",\"description\":\"Notre motivation : imaginer des \u00e9v\u00e9nements ing\u00e9nieux pour apprendre en s\u2019amusant, \u00e0 tous les \u00e2ges ! Witty Events est n\u00e9 de notre volont\u00e9 d\u2019\u00e9veiller le go\u00fbt pour les sciences chez les enfants avec des animations ludiques et participatives.\",\"breadcrumb\":{\"@id\":\"http:\/\/wittyevents.fr\/#breadcrumb\"},\"inLanguage\":\"fr-FR\",\"potentialAction\":[{\"@type\":\"ReadAction\",\"target\":[\"http:\/\/wittyevents.fr\/\"]}]},{\"@type\":\"BreadcrumbList\",\"@id\":\"http:\/\/wittyevents.fr\/#breadcrumb\",\"itemListElement\":[{\"@type\":\"ListItem\",\"position\":1,\"name\":\"Home\",\"item\":\"http:\/\/wittyevents.fr\/\"},{\"@type\":\"ListItem\",\"position\":2,\"name\":\"Accueil\"}]},{\"@type\":\"WebSite\",\"@id\":\"http:\/\/wittyevents.fr\/#website\",\"url\":\"http:\/\/wittyevents.fr\/\",\"name\":\"Witty Events\",\"description\":\"\",\"publisher\":{\"@id\":\"http:\/\/wittyevents.fr\/#organization\"},\"potentialAction\":[{\"@type\":\"SearchAction\",\"target\":{\"@type\":\"EntryPoint\",\"urlTemplate\":\"http:\/\/wittyevents.fr\/?s={search_term_string}\"},\"query-input\":\"required name=search_term_string\"}],\"inLanguage\":\"fr-FR\"},{\"@type\":\"Organization\",\"@id\":\"http:\/\/wittyevents.fr\/#organization\",\"name\":\"Witty Events\",\"url\":\"http:\/\/wittyevents.fr\/\",\"logo\":{\"@type\":\"ImageObject\",\"inLanguage\":\"fr-FR\",\"@id\":\"http:\/\/wittyevents.fr\/#\/schema\/logo\/image\/\",\"url\":\"http:\/\/wittyevents.fr\/wp-content\/uploads\/2017\/11\/Witty_Events_logotype_Logo-base-1.png\",\"contentUrl\":\"http:\/\/wittyevents.fr\/wp-content\/uploads\/2017\/11\/Witty_Events_logotype_Logo-base-1.png\",\"width\":2362,\"height\":1356,\"caption\":\"Witty Events\"},\"image\":{\"@id\":\"http:\/\/wittyevents.fr\/#\/schema\/logo\/image\/\"},\"sameAs\":[\"https:\/\/www.linkedin.com\/company\/witty-events\/about\/\",\"https:\/\/www.youtube.com\/watch?v=rS1YzNOGCzI\"]}]}<\/script>\n<!-- \/ Yoast SEO plugin. -->","yoast_head_json":{"title":"Witty Events, Science pour l'Enfance","description":"Notre motivation : imaginer des \u00e9v\u00e9nements ing\u00e9nieux pour apprendre en s\u2019amusant, \u00e0 tous les \u00e2ges ! Witty Events est n\u00e9 de notre volont\u00e9 d\u2019\u00e9veiller le go\u00fbt pour les sciences chez les enfants avec des animations ludiques et participatives.","robots":{"index":"index","follow":"follow","max-snippet":"max-snippet:-1","max-image-preview":"max-image-preview:large","max-video-preview":"max-video-preview:-1"},"canonical":"http:\/\/wittyevents.fr\/","og_locale":"fr_FR","og_type":"article","og_title":"Witty Events, Science pour l'Enfance","og_description":"Notre motivation : imaginer des \u00e9v\u00e9nements ing\u00e9nieux pour apprendre en s\u2019amusant, \u00e0 tous les \u00e2ges ! Witty Events est n\u00e9 de notre volont\u00e9 d\u2019\u00e9veiller le go\u00fbt pour les sciences chez les enfants avec des animations ludiques et participatives.","og_url":"http:\/\/wittyevents.fr\/","og_site_name":"Witty Events","article_modified_time":"2019-05-07T08:12:07+00:00","twitter_card":"summary_large_image","twitter_misc":{"Dur\u00e9e de lecture estim\u00e9e":"12 minutes"},"schema":{"@context":"https:\/\/schema.org","@graph":[{"@type":"WebPage","@id":"http:\/\/wittyevents.fr\/","url":"http:\/\/wittyevents.fr\/","name":"Witty Events, Science pour l'Enfance","isPartOf":{"@id":"http:\/\/wittyevents.fr\/#website"},"datePublished":"2018-01-03T12:02:57+00:00","dateModified":"2019-05-07T08:12:07+00:00","description":"Notre motivation : imaginer des \u00e9v\u00e9nements ing\u00e9nieux pour apprendre en s\u2019amusant, \u00e0 tous les \u00e2ges ! Witty Events est n\u00e9 de notre volont\u00e9 d\u2019\u00e9veiller le go\u00fbt pour les sciences chez les enfants avec des animations ludiques et participatives.","breadcrumb":{"@id":"http:\/\/wittyevents.fr\/#breadcrumb"},"inLanguage":"fr-FR","potentialAction":[{"@type":"ReadAction","target":["http:\/\/wittyevents.fr\/"]}]},{"@type":"BreadcrumbList","@id":"http:\/\/wittyevents.fr\/#breadcrumb","itemListElement":[{"@type":"ListItem","position":1,"name":"Home","item":"http:\/\/wittyevents.fr\/"},{"@type":"ListItem","position":2,"name":"Accueil"}]},{"@type":"WebSite","@id":"http:\/\/wittyevents.fr\/#website","url":"http:\/\/wittyevents.fr\/","name":"Witty Events","description":"","publisher":{"@id":"http:\/\/wittyevents.fr\/#organization"},"potentialAction":[{"@type":"SearchAction","target":{"@type":"EntryPoint","urlTemplate":"http:\/\/wittyevents.fr\/?s={search_term_string}"},"query-input":"required name=search_term_string"}],"inLanguage":"fr-FR"},{"@type":"Organization","@id":"http:\/\/wittyevents.fr\/#organization","name":"Witty Events","url":"http:\/\/wittyevents.fr\/","logo":{"@type":"ImageObject","inLanguage":"fr-FR","@id":"http:\/\/wittyevents.fr\/#\/schema\/logo\/image\/","url":"http:\/\/wittyevents.fr\/wp-content\/uploads\/2017\/11\/Witty_Events_logotype_Logo-base-1.png","contentUrl":"http:\/\/wittyevents.fr\/wp-content\/uploads\/2017\/11\/Witty_Events_logotype_Logo-base-1.png","width":2362,"height":1356,"caption":"Witty Events"},"image":{"@id":"http:\/\/wittyevents.fr\/#\/schema\/logo\/image\/"},"sameAs":["https:\/\/www.linkedin.com\/company\/witty-events\/about\/","https:\/\/www.youtube.com\/watch?v=rS1YzNOGCzI"]}]}},"_links":{"self":[{"href":"http:\/\/wittyevents.fr\/index.php\/wp-json\/wp\/v2\/pages\/678"}],"collection":[{"href":"http:\/\/wittyevents.fr\/index.php\/wp-json\/wp\/v2\/pages"}],"about":[{"href":"http:\/\/wittyevents.fr\/index.php\/wp-json\/wp\/v2\/types\/page"}],"author":[{"embeddable":true,"href":"http:\/\/wittyevents.fr\/index.php\/wp-json\/wp\/v2\/users\/1"}],"replies":[{"embeddable":true,"href":"http:\/\/wittyevents.fr\/index.php\/wp-json\/wp\/v2\/comments?post=678"}],"version-history":[{"count":149,"href":"http:\/\/wittyevents.fr\/index.php\/wp-json\/wp\/v2\/pages\/678\/revisions"}],"predecessor-version":[{"id":1166,"href":"http:\/\/wittyevents.fr\/index.php\/wp-json\/wp\/v2\/pages\/678\/revisions\/1166"}],"wp:attachment":[{"href":"http:\/\/wittyevents.fr\/index.php\/wp-json\/wp\/v2\/media?parent=678"}],"curies":[{"name":"wp","href":"https:\/\/api.w.org\/{rel}","templated":true}]}}